{"id":3268,"date":"2017-01-03T14:13:39","date_gmt":"2017-01-03T12:13:39","guid":{"rendered":"http:\/\/www.hotel-les-alpins.fr\/?page_id=3268\/"},"modified":"2017-01-03T14:15:48","modified_gmt":"2017-01-03T12:15:48","slug":"summer-stay","status":"publish","type":"page","link":"https:\/\/www.hotel-les-alpins.fr\/en\/your-stay\/summer-stay\/","title":{"rendered":"Summer stay"},"content":{"rendered":"<div id=\"dslc-theme-content\"><div id=\"dslc-theme-content-inner\"><h2>SUMMER STAY AT LES ALPINS<\/h2>\n<h3>Nature and outdoor activities :<\/h3>\n<p><img loading=\"lazy\" decoding=\"async\" class=\"alignnone size-full wp-image-2970\" src=\"http:\/\/www.hotel-les-alpins.fr\/wp-content\/uploads\/2015\/07\/baignade-4.jpg\" alt=\"baignade-4\" width=\"800\" height=\"533\" srcset=\"https:\/\/www.hotel-les-alpins.fr\/wp-content\/uploads\/2015\/07\/baignade-4.jpg 800w, https:\/\/www.hotel-les-alpins.fr\/wp-content\/uploads\/2015\/07\/baignade-4-300x200.jpg 300w\" sizes=\"auto, (max-width: 800px) 100vw, 800px\" \/><\/p>\n<h3><span id=\"result_box\" class=\"\" lang=\"en\" tabindex=\"-1\">Hiking :<\/span><\/h3>\n<p><span id=\"result_box\" class=\"\" lang=\"en\" tabindex=\"-1\">Wild and grand spaces ... where you will probably meet deers or chamois, eagles and vultures.<\/span><\/p>\n<p><span class=\"\">Many marked trails ... topos \u00e0 <\/span><a title=\"otluslacroishaute\" href=\"http:\/\/www.lus-la-croix-haute.com\/\" target=\"_blank\">OT de Lus la Croix Haute <\/a>and <a title=\"otduhautbuech\" href=\"http:\/\/www.buech-serrois.com\/\" target=\"_blank\">Aspres sur Bu\u00ebch.<\/a><\/p>\n<p>Randonn\u00e9es accompagn\u00e9es :\u00a0<a title=\"otluslacroishaute\" href=\"http:\/\/www.lus-la-croix-haute.com\/\" target=\"_blank\">OT de Lus la Croix Haute<\/a> et<a title=\"Randonn\u00e9es\" href=\"http:\/\/www.buech-rando.com\/\" target=\"_blank\"> Espace Rando 05 \u00e0 Serres<\/a><\/p>\n<h3>MTB :<\/h3>\n<p><span id=\"result_box\" class=\"\" lang=\"en\" tabindex=\"-1\">An incredible spot! <span class=\"\">The numerous marked itineraries of Lus la Croix Haute and the valley of the Bu\u00ebch, part of the Chemins du Soleil, the Raid VTT or the Badger race every year in the autumn!<\/span><\/span><\/p>\n<p><span class=\"\">Guided tours, guided walks.<\/span> <a title=\"rando vtt\" href=\"http:\/\/www.buech-rando.com\/\" target=\"_blank\">Details here.<\/a><\/p>\n<p>&nbsp;<\/p>\n<h3><span id=\"result_box\" class=\"\" lang=\"en\" tabindex=\"-1\"><span class=\"\">Fishing :<\/span> <\/span><\/h3>\n<p><span id=\"result_box\" class=\"\" lang=\"en\" tabindex=\"-1\">Tease the trout on the Bu\u00ebch, fishing in lakes of altitude or on the lake of Serre Pon\u00e7on, fishing in the wild.<\/span><\/p>\n<p><a title=\"peche\" href=\"http:\/\/www.unpf.fr\/05\/departement.php?page=831\" target=\"_blank\">Details here.<\/a><\/p>\n<p>&nbsp;<\/p>\n<h3>Forests :<\/h3>\n<p><span id=\"result_box\" class=\"\" lang=\"en\" tabindex=\"-1\">The magnificent state forest of Durbon, former fief of the Carthusians who left many traces ...<\/span><\/p>\n<p>Mushrooms, (F\u00eate Mycologique \u00e0 Lus la Croix haute, each first we of October), exits slab of the deer ...<\/p>\n<p>&nbsp;<\/p>\n<h2>Heritage, a territory of character:<\/h2>\n<h3>The village of St Julien en Beauch\u00eane:<\/h3>\n<p>High alpine character for this ancient village, with its houses with cut roofs, its small ecomuseum, the forest of Durbon and the remains of the former Chartreuse ...<\/p>\n<h3>Nearby surroundings:<\/h3>\n<p>Far from the major tourist centers, but rich in small wonders to discover ...<\/p>\n<p>The lavender distillery of La Faurie, the Orthodox monastery of La Faurie, the museum of the Cheminot in Veynes, the circuit of the sundials or the circuit of artisans of art of the Hautes Alpes (<a href=\"http:\/\/www.provence-des-montagnes.com\" target=\"_blank\">more details on la Provence des montagnes website<\/a>)...<\/p>\n<p>&nbsp;<\/p>\n<p>&nbsp;<\/p>\n<h3>Discover :<\/h3>\n<ul>\n<li><a href=\"http:\/\/www.sisteron.com\/\" target=\"_blank\">Sisteron et sa citadelle<\/a> (1h)<\/li>\n<li><a href=\"http:\/\/www.abbayedeboscodon.fr\/\" target=\"_blank\">L'Abbaye de Boscodon<\/a> (1h30)<\/li>\n<li><a href=\"http:\/\/www.museoscope-du-lac.com\/\" target=\"_blank\">Le lac de Serre Pon\u00e7on et son mus\u00e9oscope<\/a> (1h15)<\/li>\n<li><a href=\"http:\/\/www.terrevivante.org\/\" target=\"_blank\">Le Centre ecologique de Terre Vivante \u00e0 Mens<\/a> (3\/4h)<\/li>\n<li><a href=\"http:\/\/www.diois-tourisme.com\/\" target=\"_blank\">Le Diois, ses champs de lavande et la fameuse clairette !<\/a> (Die \u00e0 1h)<\/li>\n<\/ul>\n<p>&nbsp;<\/p>\n<h2>The Idea circuit to go by motorbike or car:<\/h2>\n<p>epart Saint Julien, direction La Faurie and Montbrand via a beautiful little wild valley. Continue on the Col de la Haute Beaume to go down on La Beaume and climb the Col de Cabre. Enjoy the sundial at the exit of the tunnel. Before arriving at Luc en Diois, admire the Claps, chaos of rocks and small swimming lake. In Die, inevitable visit of the old town and the cellar Jaillance. We return to Ch\u00e2tillon en Diois, to discover the old town with its viols. One goes up towards the pass of Grimone via the gorges of the Gats, overhung by the Sucettes of Borne. From the Col de Grimone, one goes down to Lus la Croix Haute and its alpine landscapes. To finish, return to St julien en Beauch\u00eane, it will be already the hour of the aperitif on the terrace!<\/p>\n<p>A beautiful day, about 140 km.<\/p>\n<p>&nbsp;<\/p>\n<p>&nbsp;<\/p>\n<p style=\"text-align: center;\"><a title=\"lien reservation\" href=\"http:\/\/www.hotel-les-alpins.fr\/contact\">BOOK A ROOM RIGHT NOW !<\/a><\/p>\n<p>&nbsp;<\/p>\n<\/div><\/div>","protected":false},"excerpt":{"rendered":"<p>SUMMER STAY AT LES ALPINS Nature and outdoor activities : Hiking : Wild and grand spaces ... where you will probably meet deers or chamois, eagles and vultures. Many marked trails ... topos \u00e0 OT de Lus la Croix Haute and Aspres sur Bu\u00ebch. Randonn\u00e9es accompagn\u00e9es :\u00a0OT de Lus la Croix Haute et Espace Rando 05 \u00e0 Serres MTB : An incredible spot! The numerous marked itineraries of Lus la Croix Haute and the valley of the Bu\u00ebch, part of the Chemins du Soleil, the Raid VTT or the Badger race every year in the autumn! Guided tours, guided walks.[...]<\/p>\n","protected":false},"author":1,"featured_media":0,"parent":3260,"menu_order":10,"comment_status":"closed","ping_status":"open","template":"","meta":{"_seopress_robots_primary_cat":"","_seopress_titles_title":"","_seopress_titles_desc":"","_seopress_robots_index":"","footnotes":""},"class_list":["post-3268","page","type-page","status-publish","hentry"],"_links":{"self":[{"href":"https:\/\/www.hotel-les-alpins.fr\/en\/wp-json\/wp\/v2\/pages\/3268","targetHints":{"allow":["GET"]}}],"collection":[{"href":"https:\/\/www.hotel-les-alpins.fr\/en\/wp-json\/wp\/v2\/pages"}],"about":[{"href":"https:\/\/www.hotel-les-alpins.fr\/en\/wp-json\/wp\/v2\/types\/page"}],"author":[{"embeddable":true,"href":"https:\/\/www.hotel-les-alpins.fr\/en\/wp-json\/wp\/v2\/users\/1"}],"replies":[{"embeddable":true,"href":"https:\/\/www.hotel-les-alpins.fr\/en\/wp-json\/wp\/v2\/comments?post=3268"}],"version-history":[{"count":2,"href":"https:\/\/www.hotel-les-alpins.fr\/en\/wp-json\/wp\/v2\/pages\/3268\/revisions"}],"predecessor-version":[{"id":3273,"href":"https:\/\/www.hotel-les-alpins.fr\/en\/wp-json\/wp\/v2\/pages\/3268\/revisions\/3273"}],"up":[{"embeddable":true,"href":"https:\/\/www.hotel-les-alpins.fr\/en\/wp-json\/wp\/v2\/pages\/3260"}],"wp:attachment":[{"href":"https:\/\/www.hotel-les-alpins.fr\/en\/wp-json\/wp\/v2\/media?parent=3268"}],"curies":[{"name":"wp","href":"https:\/\/api.w.org\/{rel}","templated":true}]}}